{"id":2429,"date":"2024-09-24T13:08:32","date_gmt":"2024-09-24T16:08:32","guid":{"rendered":"https:\/\/madsonpedras.com.br\/?page_id=2429"},"modified":"2024-11-05T13:09:09","modified_gmt":"2024-11-05T16:09:09","slug":"importados","status":"publish","type":"page","link":"https:\/\/madsonpedras.com.br\/en\/importados\/","title":{"rendered":"Imports"},"content":{"rendered":"<div class=\"wpb-content-wrapper\"><div class=\"vc_row wpb_row vc_row-fluid bg-image-ps-inherit\"><div class=\"wpb_column vc_column_container vc_col-sm-12\"><div class=\"vc_column-inner\"><div class=\"wpb_wrapper\"><div id=\"ct-heading\" class=\"ct-heading  style1 align-left align-left-md align-left-sm align-left-xs\">\n    \n            <h3 class=\"ct-heading-tag\" >\n                                    Travertine Imports                        <\/h3>\n        <\/div><div class=\"vc_empty_space\"   style=\"height: 20px\"><span class=\"vc_empty_space_inner\"><\/span><\/div><\/div><\/div><\/div><\/div><div class=\"vc_row wpb_row vc_row-fluid bg-image-ps-inherit\"><div class=\"wpb_column vc_column_container vc_col-sm-12\"><div class=\"vc_column-inner\"><div class=\"wpb_wrapper\">\n<div class=\"vc_grid-container-wrapper vc_clearfix vc_grid-animation-fadeIn\">\n\t<div class=\"vc_grid-container vc_clearfix wpb_content_element vc_basic_grid\" data-initial-loading-animation=\"fadeIn\" data-vc-grid-settings=\"{&quot;page_id&quot;:2429,&quot;style&quot;:&quot;all&quot;,&quot;action&quot;:&quot;vc_get_vc_grid_data&quot;,&quot;shortcode_id&quot;:&quot;1727272510352-72d62efd-f3ec-10&quot;,&quot;tag&quot;:&quot;vc_basic_grid&quot;}\" data-vc-request=\"https:\/\/madsonpedras.com.br\/wp-admin\/admin-ajax.php\" data-vc-post-id=\"2429\" data-vc-public-nonce=\"8eb3330bbf\">\n\t\t<style data-type=\"vc_shortcodes-custom-css\">.vc_custom_1419240595465{background-color: #f9f9f9 !important;}.vc_custom_1419240793832{background-color: rgba(0,0,0,0.3) !important;*background-color: rgb(0,0,0) !important;}<\/style><div class=\"vc_grid vc_row vc_grid-gutter-30px vc_pageable-wrapper vc_hook_hover\" data-vc-pageable-content=\"true\"><div class=\"vc_pageable-slide-wrapper vc_clearfix\" data-vc-grid-content=\"true\"><div class=\"vc_grid-item vc_clearfix vc_col-sm-3 vc_grid-item-zone-c-bottom\"><div class=\"vc_grid-item-mini vc_clearfix\"><div class=\"vc_gitem-animated-block  vc_gitem-animate vc_gitem-animate-scaleRotateIn\"  data-vc-animation=\"scaleRotateIn\"><div class=\"vc_gitem-zone vc_gitem-zone-a vc-gitem-zone-height-mode-auto vc-gitem-zone-height-mode-auto-1-1 vc_gitem-is-link\" style=\"background-image: url('https:\/\/madsonpedras.com.br\/wp-content\/uploads\/2024\/09\/WhatsApp-Image-2024-09-25-at-08.57.22-2-1024x900.jpeg') !important;\"><a href=\"https:\/\/madsonpedras.com.br\/en\/produto\/travertino-anticato-brick\/\" title=\"Travertine Anticato Brick\" class=\"vc_gitem-link vc-zone-link\" ><\/a><img decoding=\"async\" class=\"vc_gitem-zone-img\" src=\"https:\/\/madsonpedras.com.br\/wp-content\/uploads\/2024\/09\/WhatsApp-Image-2024-09-25-at-08.57.22-2-1024x900.jpeg\" alt=\"Travertino Anticato Brick\" loading=\"lazy\"><div class=\"vc_gitem-zone-mini\"><\/div><\/div><div class=\"vc_gitem-zone vc_gitem-zone-b vc_custom_1419240793832 vc-gitem-zone-height-mode-auto vc_gitem-is-link\"><a href=\"https:\/\/madsonpedras.com.br\/en\/produto\/travertino-anticato-brick\/\" title=\"Travertine Anticato Brick\" class=\"vc_gitem-link vc-zone-link\" ><\/a><div class=\"vc_gitem-zone-mini\"><\/div><\/div><\/div><div class=\"vc_gitem-zone vc_gitem-zone-c vc_custom_1419240595465\"><div class=\"vc_gitem-zone-mini\"><div class=\"vc_gitem_row vc_row vc_gitem-row-position-top\"><div class=\"vc_col-sm-12 vc_gitem-col vc_gitem-col-align-\"><div class=\"vc_custom_heading vc_gitem-post-data vc_gitem-post-data-source-post_title\" ><h4 style=\"text-align: left\" >Travertine Anticato Brick<\/h4><\/div><div class=\"vc_custom_heading vc_gitem-post-data vc_gitem-post-data-source-post_excerpt\" ><p style=\"text-align: left\" >Travertino Anticato Brick is an excellent choice for those looking for a cladding with a more rustic and contemporary look. With its aged brick appearance, it combines the natural beauty of stone with a modern and versatile design. Available in sizes ( cm ) 10 X 10 \/ 7.5 X 20.3<\/p><\/div><div class=\"vc_btn3-container vc_btn3-left\"><a class=\"vc_general vc_btn3 vc_btn3-size-md vc_btn3-shape-rounded vc_btn3-style-flat vc_btn3-color-juicy-pink\" a href=\"https:\/\/madsonpedras.com.br\/en\/produto\/travertino-anticato-brick\/\" title=\"Read more\">Read more<\/a><\/div><\/div><\/div><\/div><\/div><\/div><div class=\"vc_clearfix\"><\/div><\/div><div class=\"vc_grid-item vc_clearfix vc_col-sm-3 vc_grid-item-zone-c-bottom\"><div class=\"vc_grid-item-mini vc_clearfix\"><div class=\"vc_gitem-animated-block  vc_gitem-animate vc_gitem-animate-scaleRotateIn\"  data-vc-animation=\"scaleRotateIn\"><div class=\"vc_gitem-zone vc_gitem-zone-a vc-gitem-zone-height-mode-auto vc-gitem-zone-height-mode-auto-1-1 vc_gitem-is-link\" style=\"background-image: url('https:\/\/madsonpedras.com.br\/wp-content\/uploads\/2024\/09\/TRAVERTINO-ANTICATO1-1024x1024.png') !important;\"><a href=\"https:\/\/madsonpedras.com.br\/en\/produto\/travertino-anticato-turco-french-pattern\/\" title=\"Travertine Anticato Turco French Pattern\" class=\"vc_gitem-link vc-zone-link\" ><\/a><img decoding=\"async\" class=\"vc_gitem-zone-img\" src=\"https:\/\/madsonpedras.com.br\/wp-content\/uploads\/2024\/09\/TRAVERTINO-ANTICATO1-1024x1024.png\" alt=\"Travertino Anticato Turco French Pattern\" loading=\"lazy\"><div class=\"vc_gitem-zone-mini\"><\/div><\/div><div class=\"vc_gitem-zone vc_gitem-zone-b vc_custom_1419240793832 vc-gitem-zone-height-mode-auto vc_gitem-is-link\"><a href=\"https:\/\/madsonpedras.com.br\/en\/produto\/travertino-anticato-turco-french-pattern\/\" title=\"Travertine Anticato Turco French Pattern\" class=\"vc_gitem-link vc-zone-link\" ><\/a><div class=\"vc_gitem-zone-mini\"><\/div><\/div><\/div><div class=\"vc_gitem-zone vc_gitem-zone-c vc_custom_1419240595465\"><div class=\"vc_gitem-zone-mini\"><div class=\"vc_gitem_row vc_row vc_gitem-row-position-top\"><div class=\"vc_col-sm-12 vc_gitem-col vc_gitem-col-align-\"><div class=\"vc_custom_heading vc_gitem-post-data vc_gitem-post-data-source-post_title\" ><h4 style=\"text-align: left\" >Travertine Anticato Turco French Pattern<\/h4><\/div><div class=\"vc_custom_heading vc_gitem-post-data vc_gitem-post-data-source-post_excerpt\" ><p style=\"text-align: left\" >It is a high-quality tile from Turkey that combines the natural beauty of travertine with a sophisticated and unique design. The term \u201canticato\u201d refers to the rustic, aged finish, while \u201cFrench Pattern\u201d describes the geometric pattern reminiscent of French tiles, with pieces of different sizes and shapes. Available in Sizes ( [...]<\/p><\/div><div class=\"vc_btn3-container vc_btn3-left\"><a class=\"vc_general vc_btn3 vc_btn3-size-md vc_btn3-shape-rounded vc_btn3-style-flat vc_btn3-color-juicy-pink\" a href=\"https:\/\/madsonpedras.com.br\/en\/produto\/travertino-anticato-turco-french-pattern\/\" title=\"Read more\">Read more<\/a><\/div><\/div><\/div><\/div><\/div><\/div><div class=\"vc_clearfix\"><\/div><\/div><div class=\"vc_grid-item vc_clearfix vc_col-sm-3 vc_grid-item-zone-c-bottom\"><div class=\"vc_grid-item-mini vc_clearfix\"><div class=\"vc_gitem-animated-block  vc_gitem-animate vc_gitem-animate-scaleRotateIn\"  data-vc-animation=\"scaleRotateIn\"><div class=\"vc_gitem-zone vc_gitem-zone-a vc-gitem-zone-height-mode-auto vc-gitem-zone-height-mode-auto-1-1 vc_gitem-is-link\" style=\"background-image: url('https:\/\/madsonpedras.com.br\/wp-content\/uploads\/2024\/09\/CAIRO3-1024x552.png') !important;\"><a href=\"https:\/\/madsonpedras.com.br\/en\/produto\/travertino-cairo-rustico\/\" title=\"Travertine Cairo Rustic\" class=\"vc_gitem-link vc-zone-link\" ><\/a><img decoding=\"async\" class=\"vc_gitem-zone-img\" src=\"https:\/\/madsonpedras.com.br\/wp-content\/uploads\/2024\/09\/CAIRO3-1024x552.png\" alt=\"Travertino Cairo R\u00fastico\" loading=\"lazy\"><div class=\"vc_gitem-zone-mini\"><\/div><\/div><div class=\"vc_gitem-zone vc_gitem-zone-b vc_custom_1419240793832 vc-gitem-zone-height-mode-auto vc_gitem-is-link\"><a href=\"https:\/\/madsonpedras.com.br\/en\/produto\/travertino-cairo-rustico\/\" title=\"Travertine Cairo Rustic\" class=\"vc_gitem-link vc-zone-link\" ><\/a><div class=\"vc_gitem-zone-mini\"><\/div><\/div><\/div><div class=\"vc_gitem-zone vc_gitem-zone-c vc_custom_1419240595465\"><div class=\"vc_gitem-zone-mini\"><div class=\"vc_gitem_row vc_row vc_gitem-row-position-top\"><div class=\"vc_col-sm-12 vc_gitem-col vc_gitem-col-align-\"><div class=\"vc_custom_heading vc_gitem-post-data vc_gitem-post-data-source-post_title\" ><h4 style=\"text-align: left\" >Travertine Cairo Rustic<\/h4><\/div><div class=\"vc_custom_heading vc_gitem-post-data vc_gitem-post-data-source-post_excerpt\" ><p style=\"text-align: left\" >Rustic Cairo Travertine is a sophisticated and timeless choice for those looking for a tile with personality and authenticity. Originating in Egypt, this natural stone has unique characteristics that make it a highlight in the world of decoration. Available in sizes ( cm ) 15 cm x 60 cm 30 cm x 60 cm<\/p><\/div><div class=\"vc_btn3-container vc_btn3-left\"><a class=\"vc_general vc_btn3 vc_btn3-size-md vc_btn3-shape-rounded vc_btn3-style-flat vc_btn3-color-juicy-pink\" a href=\"https:\/\/madsonpedras.com.br\/en\/produto\/travertino-cairo-rustico\/\" title=\"Read more\">Read more<\/a><\/div><\/div><\/div><\/div><\/div><\/div><div class=\"vc_clearfix\"><\/div><\/div><div class=\"vc_grid-item vc_clearfix vc_col-sm-3 vc_grid-item-zone-c-bottom\"><div class=\"vc_grid-item-mini vc_clearfix\"><div class=\"vc_gitem-animated-block  vc_gitem-animate vc_gitem-animate-scaleRotateIn\"  data-vc-animation=\"scaleRotateIn\"><div class=\"vc_gitem-zone vc_gitem-zone-a vc-gitem-zone-height-mode-auto vc-gitem-zone-height-mode-auto-1-1 vc_gitem-is-link\" style=\"background-image: url('https:\/\/madsonpedras.com.br\/wp-content\/uploads\/2024\/09\/WhatsApp-Image-2024-09-24-at-14.29.28-9-1024x1024.jpeg') !important;\"><a href=\"https:\/\/madsonpedras.com.br\/en\/produto\/travertino-rock-face-turco\/\" title=\"Travertine Rock Face Turkey\" class=\"vc_gitem-link vc-zone-link\" ><\/a><img decoding=\"async\" class=\"vc_gitem-zone-img\" src=\"https:\/\/madsonpedras.com.br\/wp-content\/uploads\/2024\/09\/WhatsApp-Image-2024-09-24-at-14.29.28-9-1024x1024.jpeg\" alt=\"Travertino Rock Face Turco\" loading=\"lazy\"><div class=\"vc_gitem-zone-mini\"><\/div><\/div><div class=\"vc_gitem-zone vc_gitem-zone-b vc_custom_1419240793832 vc-gitem-zone-height-mode-auto vc_gitem-is-link\"><a href=\"https:\/\/madsonpedras.com.br\/en\/produto\/travertino-rock-face-turco\/\" title=\"Travertine Rock Face Turkey\" class=\"vc_gitem-link vc-zone-link\" ><\/a><div class=\"vc_gitem-zone-mini\"><\/div><\/div><\/div><div class=\"vc_gitem-zone vc_gitem-zone-c vc_custom_1419240595465\"><div class=\"vc_gitem-zone-mini\"><div class=\"vc_gitem_row vc_row vc_gitem-row-position-top\"><div class=\"vc_col-sm-12 vc_gitem-col vc_gitem-col-align-\"><div class=\"vc_custom_heading vc_gitem-post-data vc_gitem-post-data-source-post_title\" ><h4 style=\"text-align: left\" >Travertine Rock Face Turkey<\/h4><\/div><div class=\"vc_custom_heading vc_gitem-post-data vc_gitem-post-data-source-post_excerpt\" ><p style=\"text-align: left\" >Turkish rock face travertine is a natural stone with a rustic and elegant look, perfect for those looking for a touch of sophistication and originality in their environments. Its irregular surface, full of details, gives it a unique visual effect that blends in with different styles of decoration. Available in sizes ( cm ) 7.5cm x [...]<\/p><\/div><div class=\"vc_btn3-container vc_btn3-left\"><a class=\"vc_general vc_btn3 vc_btn3-size-md vc_btn3-shape-rounded vc_btn3-style-flat vc_btn3-color-juicy-pink\" a href=\"https:\/\/madsonpedras.com.br\/en\/produto\/travertino-rock-face-turco\/\" title=\"Read more\">Read more<\/a><\/div><\/div><\/div><\/div><\/div><\/div><div class=\"vc_clearfix\"><\/div><\/div><\/div><\/div>\n\t<\/div>\n<\/div><div class=\"vc_empty_space\"   style=\"height: 20px\"><span class=\"vc_empty_space_inner\"><\/span><\/div><div id=\"ct-heading-2\" class=\"ct-heading  style1 align-left align-left-md align-left-sm align-left-xs\">\n    \n            <h3 class=\"ct-heading-tag\" >\n                                    Imported marbles                        <\/h3>\n        <\/div><div class=\"vc_empty_space\"   style=\"height: 20px\"><span class=\"vc_empty_space_inner\"><\/span><\/div>\n<div class=\"vc_grid-container-wrapper vc_clearfix vc_grid-animation-fadeIn\">\n\t<div class=\"vc_grid-container vc_clearfix wpb_content_element vc_basic_grid\" data-initial-loading-animation=\"fadeIn\" data-vc-grid-settings=\"{&quot;page_id&quot;:2429,&quot;style&quot;:&quot;all&quot;,&quot;action&quot;:&quot;vc_get_vc_grid_data&quot;,&quot;shortcode_id&quot;:&quot;1727272515466-5e690018-9123-5&quot;,&quot;tag&quot;:&quot;vc_basic_grid&quot;}\" data-vc-request=\"https:\/\/madsonpedras.com.br\/wp-admin\/admin-ajax.php\" data-vc-post-id=\"2429\" data-vc-public-nonce=\"8eb3330bbf\">\n\t\t<style data-type=\"vc_shortcodes-custom-css\">.vc_custom_1419240595465{background-color: #f9f9f9 !important;}.vc_custom_1419240793832{background-color: rgba(0,0,0,0.3) !important;*background-color: rgb(0,0,0) !important;}<\/style><div class=\"vc_grid vc_row vc_grid-gutter-30px vc_pageable-wrapper vc_hook_hover\" data-vc-pageable-content=\"true\"><div class=\"vc_pageable-slide-wrapper vc_clearfix\" data-vc-grid-content=\"true\"><div class=\"vc_grid-item vc_clearfix vc_col-sm-3 vc_grid-item-zone-c-bottom\"><div class=\"vc_grid-item-mini vc_clearfix\"><div class=\"vc_gitem-animated-block  vc_gitem-animate vc_gitem-animate-scaleRotateIn\"  data-vc-animation=\"scaleRotateIn\"><div class=\"vc_gitem-zone vc_gitem-zone-a vc-gitem-zone-height-mode-auto vc-gitem-zone-height-mode-auto-1-1 vc_gitem-is-link\" style=\"background-image: url('https:\/\/madsonpedras.com.br\/wp-content\/uploads\/2024\/09\/WhatsApp-Image-2024-09-25-at-11.33.52-1-1024x1024.jpeg') !important;\"><a href=\"https:\/\/madsonpedras.com.br\/en\/produto\/marmore-galala\/\" title=\"Marble Galala\" class=\"vc_gitem-link vc-zone-link\" ><\/a><img decoding=\"async\" class=\"vc_gitem-zone-img\" src=\"https:\/\/madsonpedras.com.br\/wp-content\/uploads\/2024\/09\/WhatsApp-Image-2024-09-25-at-11.33.52-1-1024x1024.jpeg\" alt=\"M\u00e1rmore Galala\" loading=\"lazy\"><div class=\"vc_gitem-zone-mini\"><\/div><\/div><div class=\"vc_gitem-zone vc_gitem-zone-b vc_custom_1419240793832 vc-gitem-zone-height-mode-auto vc_gitem-is-link\"><a href=\"https:\/\/madsonpedras.com.br\/en\/produto\/marmore-galala\/\" title=\"Marble Galala\" class=\"vc_gitem-link vc-zone-link\" ><\/a><div class=\"vc_gitem-zone-mini\"><\/div><\/div><\/div><div class=\"vc_gitem-zone vc_gitem-zone-c vc_custom_1419240595465\"><div class=\"vc_gitem-zone-mini\"><div class=\"vc_gitem_row vc_row vc_gitem-row-position-top\"><div class=\"vc_col-sm-12 vc_gitem-col vc_gitem-col-align-\"><div class=\"vc_custom_heading vc_gitem-post-data vc_gitem-post-data-source-post_title\" ><h4 style=\"text-align: left\" >Marble Galala<\/h4><\/div><div class=\"vc_custom_heading vc_gitem-post-data vc_gitem-post-data-source-post_excerpt\" ><p style=\"text-align: left\" >Galala Marble is a natural stone of Egyptian origin, known for its beauty and durability. When polished in 80x80 cm slabs, it becomes a high-standard covering, capable of transforming any environment. Available in sizes ( cm ) 80 cm x 80 cm Features: Color: A range of colors [...]<\/p><\/div><div class=\"vc_btn3-container vc_btn3-left\"><a class=\"vc_general vc_btn3 vc_btn3-size-md vc_btn3-shape-rounded vc_btn3-style-flat vc_btn3-color-juicy-pink\" a href=\"https:\/\/madsonpedras.com.br\/en\/produto\/marmore-galala\/\" title=\"Read more\">Read more<\/a><\/div><\/div><\/div><\/div><\/div><\/div><div class=\"vc_clearfix\"><\/div><\/div><\/div><\/div>\n\t<\/div>\n<\/div><\/div><\/div><\/div><\/div>\n<\/div>","protected":false},"excerpt":{"rendered":"Travertinos Importados Travertino Anticato BrickO Travertino Anticato Brick \u00e9 uma excelente op\u00e7\u00e3o para quem busca um revestimento com um visual mais r\u00fastico e contempor\u00e2neo. Com sua apar\u00eancia de tijolo envelhecido, ele combina a beleza natural da pedra com um design moderno e vers\u00e1til. Dispon\u00edvel nas Medidas ( cm )\u00a0 10 X 10 \/ 7,5 X [...]","protected":false},"author":2,"featured_media":0,"parent":0,"menu_order":0,"comment_status":"closed","ping_status":"closed","template":"","meta":{"_joinchat":[],"footnotes":""},"class_list":["post-2429","page","type-page","status-publish","hentry"],"aioseo_notices":[],"_links":{"self":[{"href":"https:\/\/madsonpedras.com.br\/en\/wp-json\/wp\/v2\/pages\/2429","targetHints":{"allow":["GET"]}}],"collection":[{"href":"https:\/\/madsonpedras.com.br\/en\/wp-json\/wp\/v2\/pages"}],"about":[{"href":"https:\/\/madsonpedras.com.br\/en\/wp-json\/wp\/v2\/types\/page"}],"author":[{"embeddable":true,"href":"https:\/\/madsonpedras.com.br\/en\/wp-json\/wp\/v2\/users\/2"}],"replies":[{"embeddable":true,"href":"https:\/\/madsonpedras.com.br\/en\/wp-json\/wp\/v2\/comments?post=2429"}],"version-history":[{"count":7,"href":"https:\/\/madsonpedras.com.br\/en\/wp-json\/wp\/v2\/pages\/2429\/revisions"}],"predecessor-version":[{"id":2561,"href":"https:\/\/madsonpedras.com.br\/en\/wp-json\/wp\/v2\/pages\/2429\/revisions\/2561"}],"wp:attachment":[{"href":"https:\/\/madsonpedras.com.br\/en\/wp-json\/wp\/v2\/media?parent=2429"}],"curies":[{"name":"wp","href":"https:\/\/api.w.org\/{rel}","templated":true}]}}