{"id":1871,"date":"2023-09-18T08:09:24","date_gmt":"2023-09-18T11:09:24","guid":{"rendered":"http:\/\/sitenovo.madsonpedras.com.br\/?page_id=1871"},"modified":"2024-09-27T16:06:05","modified_gmt":"2024-09-27T19:06:05","slug":"exportacao","status":"publish","type":"page","link":"https:\/\/madsonpedras.com.br\/en\/exportacao\/","title":{"rendered":"Export"},"content":{"rendered":"<div class=\"wpb-content-wrapper\"><div class=\"vc_row wpb_row vc_row-fluid bg-image-ps-inherit\"><div class=\"wpb_column vc_column_container vc_col-sm-12\"><div class=\"vc_column-inner\"><div class=\"wpb_wrapper\">\n\t<div  class=\"wpb_single_image wpb_content_element vc_align_center wpb_content_element inherit inherit\">\n\t\t\n\t\t<figure class=\"wpb_wrapper vc_figure\">\n\t\t\t<div class=\"vc_single_image-wrapper default  vc_box_border_grey\"><img loading=\"lazy\" decoding=\"async\" width=\"500\" height=\"167\" src=\"https:\/\/madsonpedras.com.br\/wp-content\/uploads\/2024\/09\/logo-madson-website-1.png\" class=\"vc_single_image-img attachment-full\" alt=\"\" title=\"logo-madson-website\" \/><\/div>\n\t\t<\/figure>\n\t<\/div>\n\n\t<div class=\"wpb_text_column wpb_content_element\" >\n\t\t<div class=\"wpb_wrapper\">\n\t\t\t<h1 style=\"text-align: center;\"><strong><span style=\"vertical-align: inherit;\"><span style=\"vertical-align: inherit;\"><span style=\"vertical-align: inherit;\"><span style=\"vertical-align: inherit;\">Export<\/span><\/span><\/span><\/span><\/strong><\/h1>\n<p style=\"text-align: left;\"><strong>Since 2009, we have been exporting stone, a milestone that has led to international recognition of our quality. Obtaining a European certificate attested to the solidity and firmness of our products, opening doors to various markets. Demand for our stones has grown exponentially over the years, consolidating our position as a benchmark on the global stage.<\/strong><\/p>\n\n\t\t<\/div>\n\t<\/div>\n<div class=\"vc_separator wpb_content_element vc_separator_align_center vc_sep_width_100 vc_sep_border_width_6 vc_sep_pos_align_center vc_separator_no_text vc_sep_color_grey wpb_content_element  wpb_content_element\" ><span class=\"vc_sep_holder vc_sep_holder_l\"><span class=\"vc_sep_line\"><\/span><\/span><span class=\"vc_sep_holder vc_sep_holder_r\"><span class=\"vc_sep_line\"><\/span><\/span>\n<\/div><\/div><\/div><\/div><\/div><div class=\"vc_row wpb_row vc_row-fluid bg-image-ps-inherit\"><div class=\"wpb_column vc_column_container vc_col-sm-12\"><div class=\"vc_column-inner\"><div class=\"wpb_wrapper\">\n<div class=\"vc_grid-container-wrapper vc_clearfix vc_grid-animation-fadeIn\">\n\t<div class=\"vc_grid-container vc_clearfix wpb_content_element vc_media_grid\" data-initial-loading-animation=\"fadeIn\" data-vc-grid-settings=\"{&quot;page_id&quot;:1871,&quot;style&quot;:&quot;all&quot;,&quot;action&quot;:&quot;vc_get_vc_grid_data&quot;,&quot;shortcode_id&quot;:&quot;1727461648706-14a2bedb-6ae9-7&quot;,&quot;tag&quot;:&quot;vc_media_grid&quot;}\" data-vc-request=\"https:\/\/madsonpedras.com.br\/wp-admin\/admin-ajax.php\" data-vc-post-id=\"1871\" data-vc-public-nonce=\"8eb3330bbf\">\n\t\t\n\t<\/div>\n<\/div><\/div><\/div><\/div><\/div><div class=\"vc_row wpb_row vc_row-fluid bg-image-ps-inherit\"><div class=\"wpb_column vc_column_container vc_col-sm-12\"><div class=\"vc_column-inner\"><div class=\"wpb_wrapper\"><div class=\"vc_separator wpb_content_element vc_separator_align_center vc_sep_width_100 vc_sep_border_width_6 vc_sep_pos_align_center vc_separator_no_text vc_sep_color_grey wpb_content_element  wpb_content_element\" ><span class=\"vc_sep_holder vc_sep_holder_l\"><span class=\"vc_sep_line\"><\/span><\/span><span class=\"vc_sep_holder vc_sep_holder_r\"><span class=\"vc_sep_line\"><\/span><\/span>\n<\/div>\n\t<div class=\"wpb_text_column wpb_content_element\" >\n\t\t<div class=\"wpb_wrapper\">\n\t\t\t<h1 style=\"text-align: center;\"><span style=\"vertical-align: inherit;\"><span style=\"vertical-align: inherit;\"><span style=\"vertical-align: inherit;\"><span style=\"vertical-align: inherit;\"><span style=\"vertical-align: inherit;\"><span style=\"vertical-align: inherit;\"><span style=\"vertical-align: inherit;\"><span style=\"vertical-align: inherit;\">Quality and safety<\/span><\/span><\/span><\/span><\/span><\/span><\/span><\/span><\/h1>\n<p>&nbsp;<\/p>\n<h3 style=\"text-align: center;\"><span style=\"vertical-align: inherit;\"><span style=\"vertical-align: inherit;\"><span style=\"vertical-align: inherit;\"><span style=\"vertical-align: inherit;\"><span style=\"vertical-align: inherit;\"><span style=\"vertical-align: inherit;\"><span style=\"vertical-align: inherit;\"><span style=\"vertical-align: inherit;\">Certified Fumigation Packaging<\/span><\/span><\/span><\/span><\/span><\/span><\/span><\/span><\/h3>\n<p style=\"text-align: left;\">Safety and quality are pillars of our industry. To ensure that our stones reach their destination in perfect condition, we use fumigation-certified packaging. This measure not only protects the product from pests, but also meets the strictest international standards, offering our customers peace of mind and speeding up import processes.<\/p>\n<p>With European and legitimate certification, Madson attests to the quality and origin of its products, guaranteeing the satisfaction of its customers.<\/p>\n\n\t\t<\/div>\n\t<\/div>\n<div class=\"vc_separator wpb_content_element vc_separator_align_center vc_sep_width_100 vc_sep_border_width_6 vc_sep_pos_align_center vc_separator_no_text vc_sep_color_grey wpb_content_element  wpb_content_element\" ><span class=\"vc_sep_holder vc_sep_holder_l\"><span class=\"vc_sep_line\"><\/span><\/span><span class=\"vc_sep_holder vc_sep_holder_r\"><span class=\"vc_sep_line\"><\/span><\/span>\n<\/div><\/div><\/div><\/div><\/div><div class=\"vc_row wpb_row vc_row-fluid bg-image-ps-inherit\"><div class=\"wpb_column vc_column_container vc_col-sm-3\"><div class=\"vc_column-inner\"><div class=\"wpb_wrapper\"><div id=\"ct-counter\" class=\"ct-counter ct-counter-default\">\n    <div class=\"ct-counter-inner\">\n        <span id=\"ct-counter-digit\" class=\"ct-counter-digit\" data-grouping=\"0\" data-separator=\"\" data-digit=\"1000\" data-prefix=\"\" data-suffix=\"+\" style=\"color:#1c6bbf;\"><\/span>\n                    <h3 class=\"ct-counter-title\" style=\"color:#000000;\">\n                Delivered Projects            <\/h3>\n            <\/div>\n<\/div><\/div><\/div><\/div><div class=\"wpb_column vc_column_container vc_col-sm-3\"><div class=\"vc_column-inner\"><div class=\"wpb_wrapper\"><div id=\"ct-counter-2\" class=\"ct-counter ct-counter-default\">\n    <div class=\"ct-counter-inner\">\n        <span id=\"ct-counter-2-digit\" class=\"ct-counter-digit\" data-grouping=\"0\" data-separator=\"\" data-digit=\"18\" data-prefix=\"\" data-suffix=\"+\" style=\"color:#1c6bbf;\"><\/span>\n                    <h3 class=\"ct-counter-title\" style=\"color:#000000;\">\n                Countries Served            <\/h3>\n            <\/div>\n<\/div><\/div><\/div><\/div><div class=\"wpb_column vc_column_container vc_col-sm-3\"><div class=\"vc_column-inner\"><div class=\"wpb_wrapper\"><div id=\"ct-counter-3\" class=\"ct-counter ct-counter-default\">\n    <div class=\"ct-counter-inner\">\n        <span id=\"ct-counter-3-digit\" class=\"ct-counter-digit\" data-grouping=\"0\" data-separator=\"\" data-digit=\"4500\" data-prefix=\"\" data-suffix=\"+\" style=\"color:#1c6bbf;\"><\/span>\n                    <h3 class=\"ct-counter-title\" style=\"color:#000000;\">\n                Satisfied Customers            <\/h3>\n            <\/div>\n<\/div><\/div><\/div><\/div><div class=\"wpb_column vc_column_container vc_col-sm-3\"><div class=\"vc_column-inner\"><div class=\"wpb_wrapper\"><div id=\"ct-counter-4\" class=\"ct-counter ct-counter-default\">\n    <div class=\"ct-counter-inner\">\n        <span id=\"ct-counter-4-digit\" class=\"ct-counter-digit\" data-grouping=\"0\" data-separator=\"\" data-digit=\"47\" data-prefix=\"\" data-suffix=\"+\" style=\"color:#1c6bbf;\"><\/span>\n                    <h3 class=\"ct-counter-title\" style=\"color:#000000;\">\n                Years of experience            <\/h3>\n            <\/div>\n<\/div><\/div><\/div><\/div><\/div><div class=\"vc_row wpb_row vc_row-fluid bg-image-ps-inherit\"><div class=\"wpb_column vc_column_container vc_col-sm-4\"><div class=\"vc_column-inner\"><div class=\"wpb_wrapper\"><div class=\"vc_empty_space\"   style=\"height: 42px\"><span class=\"vc_empty_space_inner\"><\/span><\/div><\/div><\/div><\/div><div class=\"wpb_column vc_column_container vc_col-sm-4\"><div class=\"vc_column-inner\"><div class=\"wpb_wrapper\"><div class=\"vc_empty_space\"   style=\"height: 42px\"><span class=\"vc_empty_space_inner\"><\/span><\/div><div class=\"vc_empty_space\"   style=\"height: 42px\"><span class=\"vc_empty_space_inner\"><\/span><\/div><div class=\"wpb_images_carousel wpb_content_element vc_clearfix wpb_content_element\"><div class=\"wpb_wrapper\"><div id=\"vc_images-carousel-1-1775739883\" data-ride=\"vc_carousel\" data-wrap=\"true\" style=\"width: 400px;\" data-interval=\"1500\" data-auto-height=\"yes\" data-mode=\"horizontal\" data-partial=\"false\" data-per-view=\"1\" data-hide-on-end=\"false\" class=\"vc_slide vc_images_carousel\"><div class=\"vc_carousel-inner\"><div class=\"vc_carousel-slideline\"><div class=\"vc_carousel-slideline-inner\"><div class=\"vc_item\"><div class=\"vc_inner\"><img decoding=\"async\" class=\"\" src=\"https:\/\/madsonpedras.com.br\/wp-content\/uploads\/2024\/09\/emirados-arabes-1-400x200.png\" width=\"400\" height=\"200\" alt=\"emirados arabes\" title=\"emirados arabes\" loading=\"lazy\" \/><\/div><\/div><div class=\"vc_item\"><div class=\"vc_inner\"><img decoding=\"async\" class=\"\" src=\"https:\/\/madsonpedras.com.br\/wp-content\/uploads\/2024\/09\/eslovenia-1-400x200.png\" width=\"400\" height=\"200\" alt=\"eslovenia\" title=\"eslovenia\" loading=\"lazy\" \/><\/div><\/div><div class=\"vc_item\"><div class=\"vc_inner\"><img decoding=\"async\" class=\"\" src=\"https:\/\/madsonpedras.com.br\/wp-content\/uploads\/2024\/09\/eua-1-400x200.png\" width=\"400\" height=\"200\" alt=\"eua\" title=\"eua\" loading=\"lazy\" \/><\/div><\/div><div class=\"vc_item\"><div class=\"vc_inner\"><img decoding=\"async\" class=\"\" src=\"https:\/\/madsonpedras.com.br\/wp-content\/uploads\/2024\/09\/franca-1-400x200.png\" width=\"400\" height=\"200\" alt=\"fran\u00e7a\" title=\"fran\u00e7a\" loading=\"lazy\" \/><\/div><\/div><div class=\"vc_item\"><div class=\"vc_inner\"><img decoding=\"async\" class=\"\" src=\"https:\/\/madsonpedras.com.br\/wp-content\/uploads\/2024\/09\/grecia-1-400x200.png\" width=\"400\" height=\"200\" alt=\"grecia\" title=\"grecia\" loading=\"lazy\" \/><\/div><\/div><div class=\"vc_item\"><div class=\"vc_inner\"><img decoding=\"async\" class=\"\" src=\"https:\/\/madsonpedras.com.br\/wp-content\/uploads\/2024\/09\/italia-400x200.jpg\" width=\"400\" height=\"200\" alt=\"italia\" title=\"italia\" loading=\"lazy\" \/><\/div><\/div><div class=\"vc_item\"><div class=\"vc_inner\"><img decoding=\"async\" class=\"\" src=\"https:\/\/madsonpedras.com.br\/wp-content\/uploads\/2024\/09\/japao-400x200.jpg\" width=\"400\" height=\"200\" alt=\"jap\u00e3o\" title=\"jap\u00e3o\" loading=\"lazy\" \/><\/div><\/div><div class=\"vc_item\"><div class=\"vc_inner\"><img decoding=\"async\" class=\"\" src=\"https:\/\/madsonpedras.com.br\/wp-content\/uploads\/2024\/09\/alemanha-1-400x200.png\" width=\"400\" height=\"200\" alt=\"alemanha\" title=\"alemanha\" loading=\"lazy\" \/><\/div><\/div><div class=\"vc_item\"><div class=\"vc_inner\"><img decoding=\"async\" class=\"\" src=\"https:\/\/madsonpedras.com.br\/wp-content\/uploads\/2024\/09\/australia-1-400x200.png\" width=\"400\" height=\"200\" alt=\"australia\" title=\"australia\" loading=\"lazy\" \/><\/div><\/div><div class=\"vc_item\"><div class=\"vc_inner\"><img decoding=\"async\" class=\"\" src=\"https:\/\/madsonpedras.com.br\/wp-content\/uploads\/2024\/09\/belgica-400x200.jpg\" width=\"400\" height=\"200\" alt=\"b\u00e9lgica\" title=\"b\u00e9lgica\" loading=\"lazy\" \/><\/div><\/div><div class=\"vc_item\"><div class=\"vc_inner\"><img decoding=\"async\" class=\"\" src=\"https:\/\/madsonpedras.com.br\/wp-content\/uploads\/2024\/09\/canada-400x200.jpg\" width=\"400\" height=\"200\" alt=\"Canada flag, three dimensional render, satin texture\" title=\"Canadian flag\" loading=\"lazy\" \/><\/div><\/div><\/div><\/div><\/div><\/div><\/div><\/div><\/div><\/div><\/div><div class=\"wpb_column vc_column_container vc_col-sm-4\"><div class=\"vc_column-inner\"><div class=\"wpb_wrapper\"><div class=\"vc_empty_space\"   style=\"height: 42px\"><span class=\"vc_empty_space_inner\"><\/span><\/div><\/div><\/div><\/div><\/div>\n<\/div>","protected":false},"excerpt":{"rendered":"Exporta\u00e7\u00e3o Desde 2009, iniciamos nossa jornada na exporta\u00e7\u00e3o de pedras, um marco que impulsionou o reconhecimento internacional de nossa qualidade. A obten\u00e7\u00e3o de um certificado europeu atestou a solidez e firmeza de nossos produtos, abrindo portas para diversos mercados. A demanda por nossas pedras cresceu exponencialmente ao longo dos anos, consolidando nossa posi\u00e7\u00e3o como refer\u00eancia [...]","protected":false},"author":1,"featured_media":0,"parent":0,"menu_order":0,"comment_status":"closed","ping_status":"closed","template":"","meta":{"_joinchat":[],"footnotes":""},"class_list":["post-1871","page","type-page","status-publish","hentry"],"aioseo_notices":[],"_links":{"self":[{"href":"https:\/\/madsonpedras.com.br\/en\/wp-json\/wp\/v2\/pages\/1871","targetHints":{"allow":["GET"]}}],"collection":[{"href":"https:\/\/madsonpedras.com.br\/en\/wp-json\/wp\/v2\/pages"}],"about":[{"href":"https:\/\/madsonpedras.com.br\/en\/wp-json\/wp\/v2\/types\/page"}],"author":[{"embeddable":true,"href":"https:\/\/madsonpedras.com.br\/en\/wp-json\/wp\/v2\/users\/1"}],"replies":[{"embeddable":true,"href":"https:\/\/madsonpedras.com.br\/en\/wp-json\/wp\/v2\/comments?post=1871"}],"version-history":[{"count":22,"href":"https:\/\/madsonpedras.com.br\/en\/wp-json\/wp\/v2\/pages\/1871\/revisions"}],"predecessor-version":[{"id":2624,"href":"https:\/\/madsonpedras.com.br\/en\/wp-json\/wp\/v2\/pages\/1871\/revisions\/2624"}],"wp:attachment":[{"href":"https:\/\/madsonpedras.com.br\/en\/wp-json\/wp\/v2\/media?parent=1871"}],"curies":[{"name":"wp","href":"https:\/\/api.w.org\/{rel}","templated":true}]}}