{"id":16,"date":"2019-03-13T02:05:34","date_gmt":"2019-03-13T02:05:34","guid":{"rendered":"http:\/\/demos.casethemes.net\/archio\/?page_id=16"},"modified":"2024-09-18T15:34:30","modified_gmt":"2024-09-18T18:34:30","slug":"trabalhe-conosco","status":"publish","type":"page","link":"https:\/\/madsonpedras.com.br\/en\/trabalhe-conosco\/","title":{"rendered":"Work with us"},"content":{"rendered":"<div class=\"wpb-content-wrapper\"><div class=\"vc_row wpb_row vc_row-fluid vc_custom_1545816911406 bg-image-ps-inherit\"><div class=\"col-boxshadow wpb_column vc_column_container vc_col-sm-12 rm-padding-sm\"><div class=\"vc_column-inner vc_custom_1545897722938\"><div class=\"wpb_wrapper\"><div id=\"ct-space-69da11dd9657f\" class=\"\">\n\t\t<div class=\"ct-space\"><\/div>\n<\/div><div class=\"vc_row wpb_row vc_inner vc_row-fluid\"><div class=\"wpb_column vc_column_container vc_col-sm-12 vc_col-lg-9 vc_col-md-9\"><div class=\"vc_column-inner vc_custom_1545816757842\"><div class=\"wpb_wrapper\"><div id=\"ct-heading\" class=\"ct-heading  style1 align-left align-left-md align-left-sm align-left-xs\">\n    \n            <h3 class=\"ct-heading-tag\" >\n                                    Join our team <cite>team<\/cite>                        <\/h3>\n        <\/div><\/div><\/div><\/div><div class=\"wpb_column vc_column_container vc_col-sm-3\"><div class=\"vc_column-inner vc_custom_1545816763346\"><div class=\"wpb_wrapper\"><\/div><\/div><\/div><\/div><div class=\"vc_empty_space\"   style=\"height: 20px\"><span class=\"vc_empty_space_inner\"><\/span><\/div><div class=\"vc_row wpb_row vc_inner vc_row-fluid\"><div class=\"wpb_column vc_column_container vc_col-sm-12\"><div class=\"vc_column-inner\"><div class=\"wpb_wrapper\">\n\t<div class=\"wpb_text_column wpb_content_element vc_custom_1707394042124 color-heading\" >\n\t\t<div class=\"wpb_wrapper\">\n\t\t\t<p>Send your CV to the e-mail address below, or contact us.<\/p>\n\n\t\t<\/div>\n\t<\/div>\n<div class=\"ct-contact-info style1\">\n\t<div class=\"contact-info-inner\">\n                    <div class=\"ct-contact-info-icon\">\n                <i class=\"fac fac-building\" style=\"\"><\/i>\n            <\/div>\n                <div class=\"ct-contact-info-content\" style=\"\">\n                            Av. S\u00e3o Vicente de Paula, 960.<br \/>\nLumin\u00e1rias \u2013 MG.<br \/>\nCEP 37.240-000                                                        <\/div>\n\t<\/div>\n<\/div><div class=\"vc_empty_space\"   style=\"height: 21px\"><span class=\"vc_empty_space_inner\"><\/span><\/div><div class=\"ct-contact-info style1\">\n\t<div class=\"contact-info-inner\">\n                    <div class=\"ct-contact-info-icon\">\n                <i class=\"fac fac-phone\" style=\"\"><\/i>\n            <\/div>\n                <div class=\"ct-contact-info-content\" style=\"\">\n                            +55 (35) 99910-5539                                                        <\/div>\n\t<\/div>\n<\/div><div class=\"ct-contact-info style1\">\n\t<div class=\"contact-info-inner\">\n                    <div class=\"ct-contact-info-icon\">\n                <i class=\"fac fac-envelope\" style=\"\"><\/i>\n            <\/div>\n                <div class=\"ct-contact-info-content\" style=\"\">\n                                                    <a href=\"mailto:rh@madsonpedras.com.br\">rh@madsonpedras.com.br<\/a>\n                                <\/div>\n\t<\/div>\n<\/div><\/div><\/div><\/div><\/div><div id=\"ct-space-69da11dd99dcd\" class=\"\">\n\t\t<div class=\"ct-space\"><\/div>\n<\/div><\/div><\/div><\/div><\/div><div data-vc-full-width=\"true\" data-vc-full-width-temp=\"true\" data-vc-full-width-init=\"false\" data-vc-stretch-content=\"true\" class=\"vc_row wpb_row vc_row-fluid vc_row-no-padding bg-image-ps-inherit\"><div class=\"wpb_column vc_column_container vc_col-sm-12\"><div class=\"vc_column-inner vc_custom_1545818776944\"><div class=\"wpb_wrapper\">\n<div class=\"ct-google-map\">\n    <div class=\"map-render\" data-address='Lumin\u00e1rias, Minas Gerais, Brasil' data-marker='%7B%22markercoordinate%22%3A%22-21.5055877%2C-44.9167603%22%2C%22markericon%22%3Afalse%7D' data-loader='%7B%22markericon%22%3A%22%3Cspan%3E%3C%5C%2Fspan%3E%22%7D' data-coordinate='-21.5055877,-44.9167603' data-type='ROADMAP' data-zoom='15' data-template='%5B%7B%22featureType%22%3A%22water%22%2C%22elementType%22%3A%22all%22%2C%22stylers%22%3A%5B%7B%22hue%22%3A%22%23e9ebed%22%7D%2C%7B%22saturation%22%3A-78%7D%2C%7B%22lightness%22%3A67%7D%2C%7B%22visibility%22%3A%22simplified%22%7D%5D%7D%2C%7B%22featureType%22%3A%22landscape%22%2C%22elementType%22%3A%22all%22%2C%22stylers%22%3A%5B%7B%22hue%22%3A%22%23ffffff%22%7D%2C%7B%22saturation%22%3A-100%7D%2C%7B%22lightness%22%3A100%7D%2C%7B%22visibility%22%3A%22simplified%22%7D%5D%7D%2C%7B%22featureType%22%3A%22road%22%2C%22elementType%22%3A%22geometry%22%2C%22stylers%22%3A%5B%7B%22hue%22%3A%22%23bbc0c4%22%7D%2C%7B%22saturation%22%3A-93%7D%2C%7B%22lightness%22%3A31%7D%2C%7B%22visibility%22%3A%22simplified%22%7D%5D%7D%2C%7B%22featureType%22%3A%22poi%22%2C%22elementType%22%3A%22all%22%2C%22stylers%22%3A%5B%7B%22hue%22%3A%22%23ffffff%22%7D%2C%7B%22saturation%22%3A-100%7D%2C%7B%22lightness%22%3A100%7D%2C%7B%22visibility%22%3A%22off%22%7D%5D%7D%2C%7B%22featureType%22%3A%22road.local%22%2C%22elementType%22%3A%22geometry%22%2C%22stylers%22%3A%5B%7B%22hue%22%3A%22%23e9ebed%22%7D%2C%7B%22saturation%22%3A-90%7D%2C%7B%22lightness%22%3A-8%7D%2C%7B%22visibility%22%3A%22simplified%22%7D%5D%7D%2C%7B%22featureType%22%3A%22transit%22%2C%22elementType%22%3A%22all%22%2C%22stylers%22%3A%5B%7B%22hue%22%3A%22%23e9ebed%22%7D%2C%7B%22saturation%22%3A10%7D%2C%7B%22lightness%22%3A69%7D%2C%7B%22visibility%22%3A%22on%22%7D%5D%7D%2C%7B%22featureType%22%3A%22administrative.locality%22%2C%22elementType%22%3A%22all%22%2C%22stylers%22%3A%5B%7B%22hue%22%3A%22%232c2e33%22%7D%2C%7B%22saturation%22%3A7%7D%2C%7B%22lightness%22%3A19%7D%2C%7B%22visibility%22%3A%22on%22%7D%5D%7D%2C%7B%22featureType%22%3A%22road%22%2C%22elementType%22%3A%22labels%22%2C%22stylers%22%3A%5B%7B%22hue%22%3A%22%23bbc0c4%22%7D%2C%7B%22saturation%22%3A-93%7D%2C%7B%22lightness%22%3A31%7D%2C%7B%22visibility%22%3A%22on%22%7D%5D%7D%2C%7B%22featureType%22%3A%22road.arterial%22%2C%22elementType%22%3A%22labels%22%2C%22stylers%22%3A%5B%7B%22hue%22%3A%22%23bbc0c4%22%7D%2C%7B%22saturation%22%3A-93%7D%2C%7B%22lightness%22%3A-2%7D%2C%7B%22visibility%22%3A%22simplified%22%7D%5D%7D%5D' data-controls='%7B%22scrollwheel%22%3A0%2C%22pancontrol%22%3Afalse%2C%22zoomcontrol%22%3Afalse%2C%22scalecontrol%22%3Afalse%2C%22maptypecontrol%22%3Afalse%2C%22streetviewcontrol%22%3Afalse%2C%22overviewmapcontrol%22%3Afalse%2C%22infoclick%22%3Afalse%2C%22infowidth%22%3A%22200%22%2C%22style%22%3A%22light-monochrome%22%7D' style=\"width:auto;height: 420px\"><\/div>\n            <div class=\"ct-google-contact-form\">\n                        <div class=\"ct-contact-form-inner\">\n                <div class=\"ct-contact-form-meta\">\n                    <h3><\/h3>\n                    <span><\/span>\n                <\/div>\n                <p class=\"wpcf7-contact-form-not-found\"><strong>Error:<\/strong> Contact form not found.<\/p>            <\/div>\n        <\/div>\n    <\/div><\/div><\/div><\/div><\/div><div class=\"vc_row-full-width vc_clearfix\"><\/div><div data-vc-full-width=\"true\" data-vc-full-width-temp=\"true\" data-vc-full-width-init=\"false\" data-vc-parallax=\"1.6\" data-vc-parallax-image=\"https:\/\/madsonpedras.com.br\/wp-content\/uploads\/2019\/03\/archio6.jpg\" class=\"vc_row wpb_row vc_row-fluid vc_custom_1552469369166 vc_row-has-fill vc_general vc_parallax vc_parallax-content-moving row-overlay bg-image-ps-inherit\"><div class=\"wpb_column vc_column_container vc_col-sm-12\"><div class=\"vc_column-inner vc_custom_1553576672432\"><div class=\"wpb_wrapper\"><div class=\"vc_row wpb_row vc_inner vc_row-fluid\"><div class=\"wpb_column vc_column_container vc_col-sm-4\"><div class=\"vc_column-inner vc_custom_1545897296318\"><div class=\"wpb_wrapper\"><div id=\"ct-heading-2\" class=\"ct-heading  style1 align-left align-left-md align-left-sm align-left-xs\">\n    \n            <h3 class=\"ct-heading-tag\" style=\"margin-bottom:26px;color:#ffffff; \">\n                                    Headquarters                        <\/h3>\n        <\/div><div class=\"ct-contact-info style2\">\n\t<div class=\"contact-info-inner\">\n                    <div class=\"ct-contact-info-icon\">\n                <i class=\"flaticon-urban\" style=\"\"><\/i>\n            <\/div>\n                <div class=\"ct-contact-info-content\" style=\"color:#ffffff;\">\n                            Av. S\u00e3o Vicente de Paula, 960.<br \/>\nLumin\u00e1rias \u2013 MG.<br \/>\nCEP 37.240-000                                                        <\/div>\n\t<\/div>\n<\/div><div class=\"vc_empty_space\"   style=\"height: 19px\"><span class=\"vc_empty_space_inner\"><\/span><\/div><div class=\"ct-contact-info style2\">\n\t<div class=\"contact-info-inner\">\n                    <div class=\"ct-contact-info-icon\">\n                <i class=\"flaticon-contact\" style=\"\"><\/i>\n            <\/div>\n                <div class=\"ct-contact-info-content\" style=\"color:#ffffff;\">\n                                                                                    <\/div>\n\t<\/div>\n<\/div><div class=\"vc_empty_space\"   style=\"height: 19px\"><span class=\"vc_empty_space_inner\"><\/span><\/div><div class=\"ct-contact-info style2\">\n\t<div class=\"contact-info-inner\">\n                    <div class=\"ct-contact-info-icon\">\n                <i class=\"flaticon-chat\" style=\"\"><\/i>\n            <\/div>\n                <div class=\"ct-contact-info-content\" style=\"color:#ffffff;\">\n                                                    <a href=\"mailto:Comercial Brasil&lt;\/p&gt;&lt;p&gt;comercial@madsonpedras.com&lt;\/p&gt;&lt;p&gt;Comercial Exporta\u00e7\u00e3o&lt;\/p&gt;&lt;p&gt;export@madsonpedras.com.br\">Commercial Brazil<\/p>\n<p>comercial@madsonpedras.com<\/p>\n<p>Commercial Export<\/p>\n<p>export@madsonpedras.com.br<\/a>\n                                <\/div>\n\t<\/div>\n<\/div><\/div><\/div><\/div><div class=\"wpb_column vc_column_container vc_col-sm-4\"><div class=\"vc_column-inner vc_custom_1545897291571\"><div class=\"wpb_wrapper\"><div id=\"ct-heading-3\" class=\"ct-heading  style1 align-left align-left-md align-left-sm align-left-xs\">\n    \n            <h3 class=\"ct-heading-tag\" style=\"margin-bottom:26px;color:#ffffff; \">\n                                    Production Branch                        <\/h3>\n        <\/div><div class=\"ct-contact-info style2\">\n\t<div class=\"contact-info-inner\">\n                    <div class=\"ct-contact-info-icon\">\n                <i class=\"flaticon-urban\" style=\"\"><\/i>\n            <\/div>\n                <div class=\"ct-contact-info-content\" style=\"color:#ffffff;\">\n                            Serra do Carimbado II, S\/N.<br \/>\nS\u00e3o Thom\u00e9 das Letras - MG.<br \/>\nCEP 37.418-000                                                        <\/div>\n\t<\/div>\n<\/div><\/div><\/div><\/div><div class=\"wpb_column vc_column_container vc_col-sm-4\"><div class=\"vc_column-inner vc_custom_1545897287645\"><div class=\"wpb_wrapper\"><div id=\"ct-heading-4\" class=\"ct-heading  style1 align-left align-left-md align-left-sm align-left-xs\">\n    \n            <h3 class=\"ct-heading-tag\" style=\"margin-bottom:26px;color:#ffffff; \">\n                                    E-mails                        <\/h3>\n        <\/div><div class=\"ct-contact-info style2\">\n\t<div class=\"contact-info-inner\">\n                    <div class=\"ct-contact-info-icon\">\n                <i class=\"flaticon-chat\" style=\"\"><\/i>\n            <\/div>\n                <div class=\"ct-contact-info-content\" style=\"color:#ffffff;\">\n                            financeiro@madsonpedras.com.br<br \/>\nrh@madsonpedras.com.br<br \/>\nadministrativo@madsonpedras.com.br<br \/>\nsegurancadotrabalho@madsonpedras.com.br                                                        <\/div>\n\t<\/div>\n<\/div><\/div><\/div><\/div><\/div><\/div><\/div><\/div><\/div><div class=\"vc_row-full-width vc_clearfix\"><\/div>\n<\/div>","protected":false},"excerpt":{"rendered":"Fa\u00e7a parte da nossa equipe Envie seu curr\u00edculo no endere\u00e7o de e-mail abaixo, ou entre em contato conosco. Av. S\u00e3o Vicente de Paula, 960. Lumin\u00e1rias \u2013 MG. CEP 37.240-000 +55 (35) 99910-5539 rh@madsonpedras.com.br Error: Contact form not found. Matriz Av. S\u00e3o Vicente de Paula, 960. Lumin\u00e1rias \u2013 MG. CEP 37.240-000 Comercial Brasil comercial@madsonpedras.com Comercial Exporta\u00e7\u00e3o [...]","protected":false},"author":1,"featured_media":0,"parent":0,"menu_order":0,"comment_status":"closed","ping_status":"closed","template":"","meta":{"_joinchat":[],"footnotes":""},"class_list":["post-16","page","type-page","status-publish","hentry"],"aioseo_notices":[],"_links":{"self":[{"href":"https:\/\/madsonpedras.com.br\/en\/wp-json\/wp\/v2\/pages\/16","targetHints":{"allow":["GET"]}}],"collection":[{"href":"https:\/\/madsonpedras.com.br\/en\/wp-json\/wp\/v2\/pages"}],"about":[{"href":"https:\/\/madsonpedras.com.br\/en\/wp-json\/wp\/v2\/types\/page"}],"author":[{"embeddable":true,"href":"https:\/\/madsonpedras.com.br\/en\/wp-json\/wp\/v2\/users\/1"}],"replies":[{"embeddable":true,"href":"https:\/\/madsonpedras.com.br\/en\/wp-json\/wp\/v2\/comments?post=16"}],"version-history":[{"count":13,"href":"https:\/\/madsonpedras.com.br\/en\/wp-json\/wp\/v2\/pages\/16\/revisions"}],"predecessor-version":[{"id":2332,"href":"https:\/\/madsonpedras.com.br\/en\/wp-json\/wp\/v2\/pages\/16\/revisions\/2332"}],"wp:attachment":[{"href":"https:\/\/madsonpedras.com.br\/en\/wp-json\/wp\/v2\/media?parent=16"}],"curies":[{"name":"wp","href":"https:\/\/api.w.org\/{rel}","templated":true}]}}