{"id":14,"date":"2019-03-13T02:05:21","date_gmt":"2019-03-13T05:05:21","guid":{"rendered":"http:\/\/demos.casethemes.net\/archio\/?page_id=14"},"modified":"2024-09-24T10:40:43","modified_gmt":"2024-09-24T13:40:43","slug":"a-empresa","status":"publish","type":"page","link":"https:\/\/madsonpedras.com.br\/en\/a-empresa\/","title":{"rendered":"The company"},"content":{"rendered":"<div class=\"wpb-content-wrapper\"><div class=\"vc_row wpb_row vc_row-fluid vc_custom_1552813044586 bg-image-ps-inherit\"><div class=\"wpb_column vc_column_container vc_col-sm-6\"><div class=\"vc_column-inner vc_custom_1552813034346\"><div class=\"wpb_wrapper\">\n\t<div class=\"wpb_video_widget wpb_content_element vc_clearfix   vc_video-aspect-ratio-169 vc_video-el-width-100 vc_video-align-left\" >\n\t\t<div class=\"wpb_wrapper\">\n\t\t\t<h2 class=\"wpb_heading wpb_video_heading\">Corporate Video<\/h2>\n\t\t\t<div class=\"wpb_video_wrapper\"><iframe loading=\"lazy\" title=\"Madson Pedras - Institucional\" width=\"500\" height=\"281\" src=\"https:\/\/www.youtube.com\/embed\/YRfP919iZo0?feature=oembed\" frameborder=\"0\" allow=\"accelerometer; autoplay; clipboard-write; encrypted-media; gyroscope; picture-in-picture; web-share\" referrerpolicy=\"strict-origin-when-cross-origin\" allowfullscreen><\/iframe><\/div>\n\t\t<\/div>\n\t<\/div>\n<\/div><\/div><\/div><div class=\"wpb_column vc_column_container vc_col-sm-6 rm-padding-lg\"><div class=\"vc_column-inner vc_custom_1552902458867\"><div class=\"wpb_wrapper\"><div id=\"ct-space-69d7a3d8042ae\" class=\"\">\n\t\t<div class=\"ct-space\"><\/div>\n<\/div><div id=\"ct-heading\" class=\"ct-heading  style1 align-left align-left-md align-left-sm align-left-xs\">\n    \n            <div class=\"ct-heading-sub\" >\n            <span ><\/span>\n            About us        <\/div>\n            <h3 class=\"ct-heading-tag\" style=\"font-size:40px;line-height:50px; \">\n                                    Learn about our <cite>History<\/cite>                        <\/h3>\n            <div class=\"h-gap\">\n            <span>\n                <i ><\/i>\n                <i ><\/i>\n                <i ><\/i>\n                <i ><\/i>\n            <\/span>\n        <\/div>\n        <\/div>\n\t<div class=\"wpb_text_column wpb_content_element vc_custom_1665406154856\" >\n\t\t<div class=\"wpb_wrapper\">\n\t\t\t<p>Since 1977, Madson Pedras has been developing and improving with new techniques, the extraction of a noble product of nature: quartzites.<br \/>\nMadson was born in Lumin\u00e1rias, a city privileged by nature, a pioneer in the exploration of the famous quartzite stones, which gave rise to its product line: Quartzito Verde, S\u00e3o Tom\u00e9 Branca, S\u00e3o Tom\u00e9 Amarela and S\u00e3o Tom\u00e9 Rosa, as they are known.<\/p>\n\n\t\t<\/div>\n\t<\/div>\n<\/div><\/div><\/div><\/div><div class=\"vc_row wpb_row vc_row-fluid bg-image-ps-inherit\"><div class=\"wpb_column vc_column_container vc_col-sm-12\"><div class=\"vc_column-inner vc_custom_1578237866426\"><div class=\"wpb_wrapper\">\n\t<div class=\"wpb_text_column wpb_content_element vc_custom_1665406171517\" >\n\t\t<div class=\"wpb_wrapper\">\n\t\t\t<p>With a professional and specialized team and the constant search for excellence in its entire production line, the Madson team always works to invest in new technologies so that its products continue to be a reference in the national and international market.<br \/>\nIts team of employees, trained and knowledgeable of the raw material that it handles, collaborated for the projection of the company that is inserted in markets such as S\u00e3o Paulo, Minas Gerais, Mato Grosso, Goi\u00e1s, in addition to the entire foreign market.<\/p>\n<p>The love for work, the determination to win and the care to always offer the best to be extracted from stone banks, always in harmony with current legislation, gave Madson Pedras its deserved and prominent place in the business environment of ornamental stones.<\/p>\n\n\t\t<\/div>\n\t<\/div>\n<div class=\"wpb_images_carousel wpb_content_element vc_clearfix vc_custom_1726687786261 wpb_content_element\"><div class=\"wpb_wrapper\"><div id=\"vc_images-carousel-1-1775739864\" data-ride=\"vc_carousel\" data-wrap=\"true\" style=\"width: 1000px;\" data-interval=\"0\" data-auto-height=\"yes\" data-mode=\"horizontal\" data-partial=\"false\" data-per-view=\"3\" data-hide-on-end=\"true\" class=\"vc_slide vc_images_carousel\"><ol class=\"vc_carousel-indicators\"><li data-target=\"#vc_images-carousel-1-1775739864\" data-slide-to=\"0\"><\/li><li data-target=\"#vc_images-carousel-1-1775739864\" data-slide-to=\"1\"><\/li><li data-target=\"#vc_images-carousel-1-1775739864\" data-slide-to=\"2\"><\/li><li data-target=\"#vc_images-carousel-1-1775739864\" data-slide-to=\"3\"><\/li><li data-target=\"#vc_images-carousel-1-1775739864\" data-slide-to=\"4\"><\/li><\/ol><div class=\"vc_carousel-inner\"><div class=\"vc_carousel-slideline\"><div class=\"vc_carousel-slideline-inner\"><div class=\"vc_item\"><div class=\"vc_inner\"><img decoding=\"async\" class=\"\" src=\"https:\/\/madsonpedras.com.br\/wp-content\/uploads\/2023\/06\/IMG_0112-1000x1000.png\" width=\"1000\" height=\"1000\" alt=\"IMG_0112\" title=\"IMG_0112\" loading=\"lazy\" \/><\/div><\/div><div class=\"vc_item\"><div class=\"vc_inner\"><img decoding=\"async\" class=\"\" src=\"https:\/\/madsonpedras.com.br\/wp-content\/uploads\/2022\/06\/slide-1-1000x1000.jpg\" width=\"1000\" height=\"1000\" alt=\"slide-1\" title=\"slide-1\" loading=\"lazy\" \/><\/div><\/div><div class=\"vc_item\"><div class=\"vc_inner\"><img decoding=\"async\" class=\"\" src=\"https:\/\/madsonpedras.com.br\/wp-content\/uploads\/2022\/06\/slide-3-1000x1000.jpg\" width=\"1000\" height=\"1000\" alt=\"slide-3\" title=\"slide-3\" loading=\"lazy\" \/><\/div><\/div><div class=\"vc_item\"><div class=\"vc_inner\"><img decoding=\"async\" class=\"\" src=\"https:\/\/madsonpedras.com.br\/wp-content\/uploads\/2023\/06\/IMG_0111-1000x1000.png\" width=\"1000\" height=\"1000\" alt=\"IMG_0111\" title=\"IMG_0111\" loading=\"lazy\" \/><\/div><\/div><div class=\"vc_item\"><div class=\"vc_inner\"><img decoding=\"async\" class=\"\" src=\"https:\/\/madsonpedras.com.br\/wp-content\/uploads\/2022\/06\/2.png\" width=\"517\" height=\"512\" alt=\"2\" title=\"2\" loading=\"lazy\" \/><\/div><\/div><\/div><\/div><\/div><a class=\"vc_left vc_carousel-control\" href=\"#vc_images-carousel-1-1775739864\" data-slide=\"prev\"><span class=\"icon-prev\"><\/span><\/a><a class=\"vc_right vc_carousel-control\" href=\"#vc_images-carousel-1-1775739864\" data-slide=\"next\"><span class=\"icon-next\"><\/span><\/a><\/div><\/div><\/div><div class=\"vc_row wpb_row vc_inner vc_row-fluid\"><div class=\"wpb_column vc_column_container vc_col-sm-3\"><div class=\"vc_column-inner\"><div class=\"wpb_wrapper\"><\/div><\/div><\/div><div class=\"wpb_column vc_column_container vc_col-sm-6 rm-padding-sm\"><div class=\"vc_column-inner vc_custom_1552903159138\"><div class=\"wpb_wrapper\"><div id=\"ct-heading-2\" class=\"ct-heading  style1 align-center align-center-md align-center-sm align-center-xs\">\n    \n            <div class=\"ct-heading-sub\" >\n            <span ><\/span>\n            deposits        <\/div>\n            <h3 class=\"ct-heading-tag\" style=\"font-size:40px;line-height:50px; \">\n                                    Meet our <cite>deposits<\/cite> in Lumin\u00e1rias and S\u00e3o Thom\u00e9 das Letras                        <\/h3>\n            <div class=\"h-gap\">\n            <span>\n                <i ><\/i>\n                <i ><\/i>\n                <i ><\/i>\n                <i ><\/i>\n            <\/span>\n        <\/div>\n        <\/div><\/div><\/div><\/div><div class=\"wpb_column vc_column_container vc_col-sm-3\"><div class=\"vc_column-inner\"><div class=\"wpb_wrapper\"><\/div><\/div><\/div><\/div><div class=\"vc_empty_space\"   style=\"height: 39px\"><span class=\"vc_empty_space_inner\"><\/span><\/div>\n<div class=\"vc_grid-container-wrapper vc_clearfix vc_grid-animation-fadeIn\">\n\t<div class=\"vc_grid-container vc_clearfix wpb_content_element vc_media_grid\" data-initial-loading-animation=\"fadeIn\" data-vc-grid-settings=\"{&quot;page_id&quot;:14,&quot;style&quot;:&quot;all&quot;,&quot;action&quot;:&quot;vc_get_vc_grid_data&quot;,&quot;shortcode_id&quot;:&quot;1727184676855-36028b71-2e8d-6&quot;,&quot;tag&quot;:&quot;vc_media_grid&quot;}\" data-vc-request=\"https:\/\/madsonpedras.com.br\/wp-admin\/admin-ajax.php\" data-vc-post-id=\"14\" data-vc-public-nonce=\"8eb3330bbf\">\n\t\t\n\t<\/div>\n<\/div><\/div><\/div><\/div><\/div><div data-vc-full-width=\"true\" data-vc-full-width-temp=\"true\" data-vc-full-width-init=\"false\" class=\"vc_row wpb_row vc_row-fluid vc_custom_1552920422705 vc_row-has-fill bg-image-ps-inherit\"><div class=\"wpb_column vc_column_container vc_col-sm-12\"><div class=\"vc_column-inner vc_custom_1552920415316\"><div class=\"wpb_wrapper\"><\/div><\/div><\/div><\/div><div class=\"vc_row-full-width vc_clearfix\"><\/div><div data-vc-full-width=\"true\" data-vc-full-width-temp=\"true\" data-vc-full-width-init=\"false\" data-vc-parallax=\"1.8\" data-vc-parallax-image=\"https:\/\/madsonpedras.com.br\/wp-content\/uploads\/2019\/03\/bg-parallax-1-update.jpg\" class=\"vc_row wpb_row vc_row-fluid vc_custom_1553652353019 vc_row-has-fill vc_general vc_parallax vc_parallax-content-moving bg-image-ps-center\"><div class=\"wpb_column vc_column_container vc_col-sm-4 vc_col-lg-3 vc_col-md-3 rm-padding-lg\"><div class=\"vc_column-inner vc_custom_1552924507632\"><div class=\"wpb_wrapper\"><div class=\"ct-textbox-layout1\">\n\t<div class=\"ct-textbox-inner\">\n\t\t            <h3 class=\"ct-textbox-title\">\n                experience            <\/h3>\n                            <div class=\"ct-textbox-number\">\n                47            <\/div>\n                            <h6 class=\"ct-textbox-sub-title\">\n                years old            <\/h6>\n        \t<\/div>\n<\/div><div id=\"ct-heading-3\" class=\"ct-heading white-bold style1 align-left align-left-md align-left-sm align-left-xs\">\n    \n            <h3 class=\"ct-heading-tag\" style=\"margin-top:47px;margin-bottom:0px;color:#ffffff;font-size:24px;line-height:30px;font-weight:400; \">\n                                    Quality<br \/>\nSophistication<br \/>\n<cite>And Good Service<\/cite>                        <\/h3>\n        <\/div><\/div><\/div><\/div><div class=\"wpb_column vc_column_container vc_col-sm-8 vc_col-lg-9 vc_col-md-9 rm-padding-lg\"><div class=\"vc_column-inner vc_custom_1552924513372\"><div class=\"wpb_wrapper\"><div id=\"ct-space-69d7a3d80c356\" class=\"\">\n\t\t<div class=\"ct-space\"><\/div>\n<\/div>\n\t<div  class=\"wpb_single_image wpb_content_element vc_align_center wpb_content_element vc_custom_1707395704935 inherit inherit\">\n\t\t\n\t\t<figure class=\"wpb_wrapper vc_figure\">\n\t\t\t<a href=\"\/en\/\" target=\"_self\" class=\"vc_single_image-wrapper default  vc_box_border_grey\"><img loading=\"lazy\" decoding=\"async\" width=\"500\" height=\"167\" src=\"https:\/\/madsonpedras.com.br\/wp-content\/uploads\/2020\/01\/logo-madson-website.png\" class=\"vc_single_image-img attachment-full\" alt=\"\" title=\"logo-madson-website\" \/><\/a>\n\t\t<\/figure>\n\t<\/div>\n<div id=\"ct-space-69d7a3d80d2d2\" class=\"\">\n\t\t<div class=\"ct-space\"><\/div>\n<\/div><div class=\"vc_row wpb_row vc_inner vc_row-fluid\"><div class=\"wpb_column vc_column_container vc_col-sm-6 vc_col-lg-3 vc_col-md-3\"><div class=\"vc_column-inner vc_custom_1552923835415\"><div class=\"wpb_wrapper\"><div id=\"ct-counter\" class=\"ct-counter ct-counter-default\">\n    <div class=\"ct-counter-inner\">\n        <span id=\"ct-counter-digit\" class=\"ct-counter-digit\" data-grouping=\"0\" data-separator=\"\" data-digit=\"10000\" data-prefix=\"\" data-suffix=\"+\" style=\"\"><\/span>\n                    <h3 class=\"ct-counter-title\" style=\"\">\n                Delivered Projects            <\/h3>\n            <\/div>\n<\/div><\/div><\/div><\/div><div class=\"wpb_column vc_column_container vc_col-sm-6 vc_col-lg-3 vc_col-md-3\"><div class=\"vc_column-inner vc_custom_1552923825582\"><div class=\"wpb_wrapper\"><div id=\"ct-space-69d7a3d80dc46\" class=\"\">\n\t\t<div class=\"ct-space\"><\/div>\n<\/div><div id=\"ct-counter-2\" class=\"ct-counter ct-counter-default\">\n    <div class=\"ct-counter-inner\">\n        <span id=\"ct-counter-2-digit\" class=\"ct-counter-digit\" data-grouping=\"0\" data-separator=\"\" data-digit=\"18\" data-prefix=\"\" data-suffix=\"+\" style=\"\"><\/span>\n                    <h3 class=\"ct-counter-title\" style=\"\">\n                Countries Served            <\/h3>\n            <\/div>\n<\/div><\/div><\/div><\/div><div class=\"wpb_column vc_column_container vc_col-sm-6 vc_col-lg-3 vc_col-md-3\"><div class=\"vc_column-inner vc_custom_1552923845488\"><div class=\"wpb_wrapper\"><div id=\"ct-counter-3\" class=\"ct-counter ct-counter-default\">\n    <div class=\"ct-counter-inner\">\n        <span id=\"ct-counter-3-digit\" class=\"ct-counter-digit\" data-grouping=\"0\" data-separator=\"\" data-digit=\"4500\" data-prefix=\"\" data-suffix=\"+\" style=\"\"><\/span>\n                    <h3 class=\"ct-counter-title\" style=\"\">\n                Satisfied Customers            <\/h3>\n            <\/div>\n<\/div><\/div><\/div><\/div><div class=\"wpb_column vc_column_container vc_col-sm-6 vc_col-lg-3 vc_col-md-3\"><div class=\"vc_column-inner vc_custom_1552923854215\"><div class=\"wpb_wrapper\"><div id=\"ct-space-69d7a3d80e466\" class=\"\">\n\t\t<div class=\"ct-space\"><\/div>\n<\/div><div id=\"ct-counter-4\" class=\"ct-counter ct-counter-default\">\n    <div class=\"ct-counter-inner\">\n        <span id=\"ct-counter-4-digit\" class=\"ct-counter-digit\" data-grouping=\"0\" data-separator=\"\" data-digit=\"47\" data-prefix=\"\" data-suffix=\"+\" style=\"\"><\/span>\n                    <h3 class=\"ct-counter-title\" style=\"\">\n                Years of experience            <\/h3>\n            <\/div>\n<\/div><\/div><\/div><\/div><\/div><div id=\"ct-space-69d7a3d80e846\" class=\"\">\n\t\t<div class=\"ct-space\"><\/div>\n<\/div><\/div><\/div><\/div><\/div><div class=\"vc_row-full-width vc_clearfix\"><\/div>\n<\/div>","protected":false},"excerpt":{"rendered":"V\u00eddeo Institucional Sobre a empresa Conhe\u00e7a Nossa Hist\u00f3ria Desde 1977, a Madson Pedras vem desenvolvendo e aprimorando com novas t\u00e9cnicas, a extra\u00e7\u00e3o de um produto nobre da natureza: os quartzitos. A Madson nasce em Lumin\u00e1rias, cidade privilegiada pela natureza, pioneira na explora\u00e7\u00e3o das famosas pedras quartzito, que deram origem a sua linha de produtos: Quartzito [...]","protected":false},"author":1,"featured_media":0,"parent":0,"menu_order":0,"comment_status":"closed","ping_status":"closed","template":"","meta":{"_joinchat":[],"footnotes":""},"class_list":["post-14","page","type-page","status-publish","hentry"],"aioseo_notices":[],"_links":{"self":[{"href":"https:\/\/madsonpedras.com.br\/en\/wp-json\/wp\/v2\/pages\/14","targetHints":{"allow":["GET"]}}],"collection":[{"href":"https:\/\/madsonpedras.com.br\/en\/wp-json\/wp\/v2\/pages"}],"about":[{"href":"https:\/\/madsonpedras.com.br\/en\/wp-json\/wp\/v2\/types\/page"}],"author":[{"embeddable":true,"href":"https:\/\/madsonpedras.com.br\/en\/wp-json\/wp\/v2\/users\/1"}],"replies":[{"embeddable":true,"href":"https:\/\/madsonpedras.com.br\/en\/wp-json\/wp\/v2\/comments?post=14"}],"version-history":[{"count":46,"href":"https:\/\/madsonpedras.com.br\/en\/wp-json\/wp\/v2\/pages\/14\/revisions"}],"predecessor-version":[{"id":2419,"href":"https:\/\/madsonpedras.com.br\/en\/wp-json\/wp\/v2\/pages\/14\/revisions\/2419"}],"wp:attachment":[{"href":"https:\/\/madsonpedras.com.br\/en\/wp-json\/wp\/v2\/media?parent=14"}],"curies":[{"name":"wp","href":"https:\/\/api.w.org\/{rel}","templated":true}]}}