{"id":1169,"date":"2019-03-26T05:01:43","date_gmt":"2019-03-26T05:01:43","guid":{"rendered":"http:\/\/demos.casethemes.net\/archio\/?page_id=1169"},"modified":"2024-09-18T15:10:37","modified_gmt":"2024-09-18T18:10:37","slug":"contato","status":"publish","type":"page","link":"https:\/\/madsonpedras.com.br\/en\/contato\/","title":{"rendered":"Contact"},"content":{"rendered":"<div class=\"wpb-content-wrapper\"><div data-vc-full-width=\"true\" data-vc-full-width-temp=\"true\" data-vc-full-width-init=\"false\" data-vc-stretch-content=\"true\" class=\"vc_row wpb_row vc_row-fluid vc_row-no-padding row-visible bg-image-ps-inherit\"><div class=\"wpb_column vc_column_container vc_col-sm-12\"><div class=\"vc_column-inner vc_custom_1545818776944\"><div class=\"wpb_wrapper\"><div class=\"wpb_gmaps_widget wpb_content_element\"><div class=\"wpb_wrapper\"><div class=\"wpb_map_wraper\"><iframe src=\"https:\/\/www.google.com\/maps\/embed?pb=!1m18!1m12!1m3!1d3712.0375527455835!2d-44.917614925798944!3d-21.506248989320955!2m3!1f0!2f0!3f0!3m2!1i1024!2i768!4f13.1!3m3!1m2!1s0x9fdcfa6f804b5d%3A0x32afd48cc5301261!2sPedras%20S%C3%A3o%20Tom%C3%A9%20-%20Madson%20Pedras!5e0!3m2!1spt-BR!2sbr!4v1726682960945!5m2!1spt-BR!2sbr\" width=\"600\" height=\"450\" style=\"border:0;\" allowfullscreen=\"\" loading=\"lazy\" referrerpolicy=\"no-referrer-when-downgrade\"><\/iframe><\/div><\/div><\/div>\n<div class=\"ct-google-map\">\n    <div class=\"map-render\" data-address='Avenida S\u00e3o Vicente de Paula, 960, Lumin\u00e1rias - MG, 37240-000' data-marker='%7B%22markercoordinate%22%3A%22-21.5060044333385%2C%20-44.91506146291297%22%2C%22markerdesc%22%3A%22%3Cdiv%20class%3D%5C%22info-content%5C%22%3E%3Ch5%3EMadson%20Pedras%3C%5C%2Fh5%3E%3Cspan%3E%3C%5C%2Fspan%3E%3C%5C%2Fdiv%3E%22%7D' data-loader='%7B%7D' data-coordinate='-21.5060044333385, -44.91506146291297' data-type='SATELLITE' data-zoom='16' data-template='' data-controls='%7B%22scrollwheel%22%3A0%2C%22pancontrol%22%3Afalse%2C%22zoomcontrol%22%3Afalse%2C%22scalecontrol%22%3Afalse%2C%22maptypecontrol%22%3Afalse%2C%22streetviewcontrol%22%3Afalse%2C%22overviewmapcontrol%22%3Afalse%2C%22infoclick%22%3Afalse%2C%22infowidth%22%3A%22200%22%2C%22style%22%3A%22%22%7D' style=\"width:auto;height: 680px\"><\/div>\n            <div class=\"ct-google-contact-form\">\n                            <div class=\"ct-contact-social\">\n                                            <a href=\"https:\/\/www.facebook.com\/madsonpedras\/\"><i class=\"fa fa-facebook\"><\/i><\/a>\n                                            <a href=\"https:\/\/www.instagram.com\/madson.pedras\/\"><i class=\"fa fa-instagram\"><\/i><\/a>\n                                    <\/div>\n                        <div class=\"ct-contact-form-inner\">\n                <div class=\"ct-contact-form-meta\">\n                    <h3>Contact<\/h3>\n                    <span>Fill out the form below to contact us, or use the data below the map.<\/span>\n                <\/div>\n                \n<div class=\"wpcf7 no-js\" id=\"wpcf7-f5-o1\" lang=\"pt-BR\" dir=\"ltr\" data-wpcf7-id=\"5\">\n<div class=\"screen-reader-response\"><p role=\"status\" aria-live=\"polite\" aria-atomic=\"true\"><\/p> <ul><\/ul><\/div>\n<form action=\"\/en\/wp-json\/wp\/v2\/pages\/1169#wpcf7-f5-o1\" method=\"post\" class=\"wpcf7-form init\" aria-label=\"Formul\u00e1rios de contato\" novalidate=\"novalidate\" data-status=\"init\" data-trp-original-action=\"\/en\/wp-json\/wp\/v2\/pages\/1169#wpcf7-f5-o1\">\n<fieldset class=\"hidden-fields-container\"><input type=\"hidden\" name=\"_wpcf7\" value=\"5\" \/><input type=\"hidden\" name=\"_wpcf7_version\" value=\"6.1.1\" \/><input type=\"hidden\" name=\"_wpcf7_locale\" value=\"pt_BR\" \/><input type=\"hidden\" name=\"_wpcf7_unit_tag\" value=\"wpcf7-f5-o1\" \/><input type=\"hidden\" name=\"_wpcf7_container_post\" value=\"0\" \/><input type=\"hidden\" name=\"_wpcf7_posted_data_hash\" value=\"\" \/>\n<\/fieldset>\n<p><label> Name *<br \/>\n<span class=\"wpcf7-form-control-wrap\" data-name=\"your-name\"><input size=\"40\" maxlength=\"400\" class=\"wpcf7-form-control wpcf7-text wpcf7-validates-as-required\" aria-required=\"true\" aria-invalid=\"false\" value=\"\" type=\"text\" name=\"your-name\" \/><\/span> <\/label>\n<\/p>\n<p><label> Phone<br \/>\n<span class=\"wpcf7-form-control-wrap\" data-name=\"your-telephone\"><input size=\"40\" maxlength=\"400\" class=\"wpcf7-form-control wpcf7-text\" aria-invalid=\"false\" value=\"\" type=\"text\" name=\"your-telephone\" \/><\/span> <\/label>\n<\/p>\n<p><label> Email *<br \/>\n<span class=\"wpcf7-form-control-wrap\" data-name=\"your-email\"><input size=\"40\" maxlength=\"400\" class=\"wpcf7-form-control wpcf7-email wpcf7-validates-as-required wpcf7-text wpcf7-validates-as-email\" aria-required=\"true\" aria-invalid=\"false\" value=\"\" type=\"email\" name=\"your-email\" \/><\/span> <\/label>\n<\/p>\n<p><label> Message *<br \/>\n<span class=\"wpcf7-form-control-wrap\" data-name=\"your-message\"><textarea cols=\"40\" rows=\"10\" maxlength=\"2000\" class=\"wpcf7-form-control wpcf7-textarea\" aria-invalid=\"false\" name=\"your-message\"><\/textarea><\/span> <\/label>\n<\/p>\n<p><input class=\"wpcf7-form-control wpcf7-submit has-spinner\" type=\"submit\" value=\"Send\" \/>\n<\/p><div class=\"wpcf7-response-output\" aria-hidden=\"true\"><\/div>\n<input type=\"hidden\" name=\"trp-form-language\" value=\"en\"\/><\/form>\n<\/div>\n            <\/div>\n        <\/div>\n    <\/div><div class=\"vc_separator wpb_content_element vc_separator_align_center vc_sep_width_100 vc_sep_border_width_10 vc_sep_pos_align_center vc_separator_no_text vc_sep_color_grey wpb_content_element  wpb_content_element\" ><span class=\"vc_sep_holder vc_sep_holder_l\"><span class=\"vc_sep_line\"><\/span><\/span><span class=\"vc_sep_holder vc_sep_holder_r\"><span class=\"vc_sep_line\"><\/span><\/span>\n<\/div><div class=\"vc_separator wpb_content_element vc_separator_align_center vc_sep_width_100 vc_sep_border_width_10 vc_sep_pos_align_center vc_separator_no_text vc_sep_color_grey wpb_content_element  wpb_content_element\" ><span class=\"vc_sep_holder vc_sep_holder_l\"><span class=\"vc_sep_line\"><\/span><\/span><span class=\"vc_sep_holder vc_sep_holder_r\"><span class=\"vc_sep_line\"><\/span><\/span>\n<\/div><\/div><\/div><\/div><\/div><div class=\"vc_row-full-width vc_clearfix\"><\/div><div data-vc-full-width=\"true\" data-vc-full-width-temp=\"true\" data-vc-full-width-init=\"false\" data-vc-parallax=\"1.6\" data-vc-parallax-image=\"https:\/\/madsonpedras.com.br\/wp-content\/uploads\/2019\/03\/archio6.jpg\" class=\"vc_row wpb_row vc_row-fluid vc_custom_1552469369166 vc_row-has-fill vc_general vc_parallax vc_parallax-content-moving row-overlay bg-image-ps-inherit\"><div class=\"wpb_column vc_column_container vc_col-sm-12\"><div class=\"vc_column-inner vc_custom_1553576672432\"><div class=\"wpb_wrapper\"><div class=\"vc_row wpb_row vc_inner vc_row-fluid\"><div class=\"wpb_column vc_column_container vc_col-sm-4\"><div class=\"vc_column-inner vc_custom_1545897296318\"><div class=\"wpb_wrapper\"><div id=\"ct-heading\" class=\"ct-heading  style1 align-left align-left-md align-left-sm align-left-xs\">\n    \n            <h3 class=\"ct-heading-tag\" style=\"margin-bottom:26px;color:#ffffff; \">\n                                    Headquarters                        <\/h3>\n        <\/div><div class=\"ct-contact-info style2\">\n\t<div class=\"contact-info-inner\">\n                    <div class=\"ct-contact-info-icon\">\n                <i class=\"flaticon-urban\" style=\"\"><\/i>\n            <\/div>\n                <div class=\"ct-contact-info-content\" style=\"color:#ffffff;\">\n                            Av. S\u00e3o Vicente de Paula, 960.<br \/>\nLumin\u00e1rias \u2013 MG.<br \/>\nCEP 37.240-000                                                        <\/div>\n\t<\/div>\n<\/div><div class=\"vc_empty_space\"   style=\"height: 19px\"><span class=\"vc_empty_space_inner\"><\/span><\/div><div class=\"ct-contact-info style2\">\n\t<div class=\"contact-info-inner\">\n                    <div class=\"ct-contact-info-icon\">\n                <i class=\"flaticon-contact\" style=\"\"><\/i>\n            <\/div>\n                <div class=\"ct-contact-info-content\" style=\"color:#ffffff;\">\n                            +55 (35) 3226-1210                                                        <\/div>\n\t<\/div>\n<\/div><div class=\"vc_empty_space\"   style=\"height: 19px\"><span class=\"vc_empty_space_inner\"><\/span><\/div><div class=\"ct-contact-info style2\">\n\t<div class=\"contact-info-inner\">\n                    <div class=\"ct-contact-info-icon\">\n                <i class=\"flaticon-chat\" style=\"\"><\/i>\n            <\/div>\n                <div class=\"ct-contact-info-content\" style=\"color:#ffffff;\">\n                            <b>Commercial Brazil<\/b><br \/>\ncomercial@madsonpedras.com.br<br \/>\n<b>Commercial Export<\/b><br \/>\nexport@madsonpedras.com.br                                                        <\/div>\n\t<\/div>\n<\/div><\/div><\/div><\/div><div class=\"wpb_column vc_column_container vc_col-sm-4\"><div class=\"vc_column-inner vc_custom_1545897291571\"><div class=\"wpb_wrapper\"><div id=\"ct-heading-2\" class=\"ct-heading  style1 align-left align-left-md align-left-sm align-left-xs\">\n    \n            <h3 class=\"ct-heading-tag\" style=\"margin-bottom:26px;color:#ffffff; \">\n                                    Production Branch                        <\/h3>\n        <\/div><div class=\"ct-contact-info style2\">\n\t<div class=\"contact-info-inner\">\n                    <div class=\"ct-contact-info-icon\">\n                <i class=\"flaticon-urban\" style=\"\"><\/i>\n            <\/div>\n                <div class=\"ct-contact-info-content\" style=\"color:#ffffff;\">\n                            Serra do Carimbado II, S\/N.<br \/>\nS\u00e3o Thom\u00e9 das Letras - MG.<br \/>\nCEP 37.418-000                                                        <\/div>\n\t<\/div>\n<\/div><\/div><\/div><\/div><div class=\"wpb_column vc_column_container vc_col-sm-4\"><div class=\"vc_column-inner vc_custom_1545897287645\"><div class=\"wpb_wrapper\"><div id=\"ct-heading-3\" class=\"ct-heading  style1 align-left align-left-md align-left-sm align-left-xs\">\n    \n            <h3 class=\"ct-heading-tag\" style=\"margin-bottom:26px;color:#ffffff; \">\n                                    E-mails                        <\/h3>\n        <\/div><div class=\"ct-contact-info style2\">\n\t<div class=\"contact-info-inner\">\n                    <div class=\"ct-contact-info-icon\">\n                <i class=\"flaticon-chat\" style=\"\"><\/i>\n            <\/div>\n                <div class=\"ct-contact-info-content\" style=\"color:#ffffff;\">\n                            administrativo@madsonpedras.com.br<br \/>\nmadson@madsonpedras.com.br                                                        <\/div>\n\t<\/div>\n<\/div><\/div><\/div><\/div><\/div><\/div><\/div><\/div><\/div><div class=\"vc_row-full-width vc_clearfix\"><\/div>\n<\/div>","protected":false},"excerpt":{"rendered":"Entre em Contato Preencha o formul\u00e1rio abaixo para entrar em contato conosco, ou ent\u00e3o utilize os dados abaixo do mapa. Nome * Telefone * Email * Mensagem * Matriz Av. S\u00e3o Vicente de Paula, 960. Lumin\u00e1rias \u2013 MG. CEP 37.240-000 +55 (35) 3226-1210 Comercial Brasil comercial@madsonpedras.com.br Comercial Exporta\u00e7\u00e3o export@madsonpedras.com.br Filial Produ\u00e7\u00e3o Serra do Carimbado II, [...]","protected":false},"author":1,"featured_media":0,"parent":0,"menu_order":0,"comment_status":"closed","ping_status":"closed","template":"","meta":{"_joinchat":[],"footnotes":""},"class_list":["post-1169","page","type-page","status-publish","hentry"],"aioseo_notices":[],"_links":{"self":[{"href":"https:\/\/madsonpedras.com.br\/en\/wp-json\/wp\/v2\/pages\/1169","targetHints":{"allow":["GET"]}}],"collection":[{"href":"https:\/\/madsonpedras.com.br\/en\/wp-json\/wp\/v2\/pages"}],"about":[{"href":"https:\/\/madsonpedras.com.br\/en\/wp-json\/wp\/v2\/types\/page"}],"author":[{"embeddable":true,"href":"https:\/\/madsonpedras.com.br\/en\/wp-json\/wp\/v2\/users\/1"}],"replies":[{"embeddable":true,"href":"https:\/\/madsonpedras.com.br\/en\/wp-json\/wp\/v2\/comments?post=1169"}],"version-history":[{"count":46,"href":"https:\/\/madsonpedras.com.br\/en\/wp-json\/wp\/v2\/pages\/1169\/revisions"}],"predecessor-version":[{"id":1938,"href":"https:\/\/madsonpedras.com.br\/en\/wp-json\/wp\/v2\/pages\/1169\/revisions\/1938"}],"wp:attachment":[{"href":"https:\/\/madsonpedras.com.br\/en\/wp-json\/wp\/v2\/media?parent=1169"}],"curies":[{"name":"wp","href":"https:\/\/api.w.org\/{rel}","templated":true}]}}